{"id":5345,"date":"2015-06-20T21:36:58","date_gmt":"2015-06-20T19:36:58","guid":{"rendered":"http:\/\/www.turismoslovacchia.it\/?page_id=5345"},"modified":"2016-06-12T16:16:48","modified_gmt":"2016-06-12T14:16:48","slug":"siti-unesco-levoca-castello-di-spis-e-i-suoi-monumenti-culturali","status":"publish","type":"page","link":"https:\/\/www.turismoslovacchia.it\/?page_id=5345","title":{"rendered":"Siti Unesco: Levo\u010da, Castello di Spi\u0161 e i suoi monumenti culturali"},"content":{"rendered":"<p>&nbsp;<\/p>\n<table style=\"width: 720px; height: 87px;\" cellspacing=\"1\" cellpadding=\"1\">\n<tbody>\n<tr>\n<td><img fetchpriority=\"high\" decoding=\"async\" style=\"height: 75px; margin-left: 0px; margin-right: 5px; width: 75px;\" src=\"http:\/\/upload.wikimedia.org\/wikipedia\/commons\/thumb\/2\/24\/Welterbe.svg\/100px-Welterbe.svg.png\" alt=\"\" \/><\/td>\n<td><span style=\"color: #808080;\"><strong>Sito Unesco: Levo\u010da, Castello di Spi\u0161 e i suoi monumenti culturali<br \/>\n<\/strong><\/span><span style=\"color: #808080;\"><strong>Data d&#8217;iscrizione: 1993-2009<\/strong><\/span><\/td>\n<\/tr>\n<\/tbody>\n<\/table>\n<p>&nbsp;<\/p>\n<p style=\"text-align: justify;\"><img decoding=\"async\" loading=\"lazy\" class=\"alignnone size-full wp-image-5348\" src=\"http:\/\/www.turismoslovacchia.it\/wp-content\/uploads\/spis_Pierre-Bona@wiki.jpg\" alt=\"spis_(Pierre Bona@wiki)\" width=\"720\" height=\"210\" srcset=\"https:\/\/www.turismoslovacchia.it\/wp-content\/uploads\/spis_Pierre-Bona@wiki.jpg 720w, https:\/\/www.turismoslovacchia.it\/wp-content\/uploads\/spis_Pierre-Bona@wiki-300x88.jpg 300w, https:\/\/www.turismoslovacchia.it\/wp-content\/uploads\/spis_Pierre-Bona@wiki-600x175.jpg 600w, https:\/\/www.turismoslovacchia.it\/wp-content\/uploads\/spis_Pierre-Bona@wiki-400x117.jpg 400w, https:\/\/www.turismoslovacchia.it\/wp-content\/uploads\/spis_Pierre-Bona@wiki-100x29.jpg 100w, https:\/\/www.turismoslovacchia.it\/wp-content\/uploads\/spis_Pierre-Bona@wiki-200x58.jpg 200w, https:\/\/www.turismoslovacchia.it\/wp-content\/uploads\/spis_Pierre-Bona@wiki-150x44.jpg 150w\" sizes=\"(max-width: 720px) 100vw, 720px\" \/><\/p>\n<p>&nbsp;<\/p>\n<p style=\"text-align: justify;\">Si tratta di un insieme unico con monumenti ben conservati in una affascinante cornice naturale calcarea della Riserva Naturale Nazionale Drevenik. Il complesso di questi edifici \u00e8 stato iscritto nel 1993 nella Lista del Patrimonio Mondiale UNESCO. Nel 2009 vi \u00e8 stata aggiunta la cittadina di Levo\u010da.<\/p>\n<p style=\"text-align: justify;\">Il sito UNESCO riguarda un complesso di strutture di genere militare, urbano, ecclesiastico e politico, una tipologia non unica nel contesto dell\u2019Europa medievale e rinascimentale, ma la cui unicit\u00e0 \u00e8 data dalla sua vastit\u00e0 e dalla sopravvivenza ai secoli, arrivando fino a noi in condizioni quasi integre. Le strutture, che sono in gran parte in stile architettonico romanico e gotico e costituiscono un eccezionale gruppo paesaggistico-architettonico, sono poste in diverse localit\u00e0 contigue nella regione di Spi\u0161:<\/p>\n<h3 style=\"text-align: justify;\">&#8211; <strong><a href=\"http:\/\/www.turismoslovacchia.it\/?page_id=5366\">Castello di Spi\u0161<\/a><\/strong><br \/>\n&#8211; <a href=\"http:\/\/www.turismoslovacchia.it\/?page_id=5368\"><strong>Spi\u0161sk\u00e9 Podhradie\u00a0<\/strong>e <strong>\u017dehra<\/strong><\/a><br \/>\n&#8211; <strong><a href=\"http:\/\/www.turismoslovacchia.it\/?page_id=5370\">Spi\u0161sk\u00e1 Kapitula<\/a><\/strong><br \/>\n&#8211; <strong><a href=\"http:\/\/www.turismoslovacchia.it\/?page_id=5372\">Levo\u010da<\/a><\/strong><\/h3>\n<p style=\"text-align: justify;\">Il gruppo di architetture \u00e8 frutto di un insediamento coloniale medievale sassone, che ha rappresentato a\u00a0lungo un centro di importanza religiosa e politica di prim\u2019ordine nella regione.<\/p>\n<p style=\"text-align: justify;\"><img decoding=\"async\" loading=\"lazy\" class=\"alignnone size-full wp-image-5375\" src=\"http:\/\/www.turismoslovacchia.it\/wp-content\/uploads\/unesco-levoca-spis.jpg\" alt=\"unesco-levoca-spis-mappa\" width=\"720\" height=\"443\" srcset=\"https:\/\/www.turismoslovacchia.it\/wp-content\/uploads\/unesco-levoca-spis.jpg 720w, https:\/\/www.turismoslovacchia.it\/wp-content\/uploads\/unesco-levoca-spis-300x185.jpg 300w, https:\/\/www.turismoslovacchia.it\/wp-content\/uploads\/unesco-levoca-spis-600x369.jpg 600w, https:\/\/www.turismoslovacchia.it\/wp-content\/uploads\/unesco-levoca-spis-400x246.jpg 400w, https:\/\/www.turismoslovacchia.it\/wp-content\/uploads\/unesco-levoca-spis-100x62.jpg 100w, https:\/\/www.turismoslovacchia.it\/wp-content\/uploads\/unesco-levoca-spis-200x123.jpg 200w, https:\/\/www.turismoslovacchia.it\/wp-content\/uploads\/unesco-levoca-spis-150x92.jpg 150w\" sizes=\"(max-width: 720px) 100vw, 720px\" \/><\/p>\n<p style=\"text-align: justify;\">Amministrativamente, i siti si trovano nella regione di Pre\u0161ov e (soltanto la localit\u00e0 di\u00a0\u017dehra) nella regione di Ko\u0161ice.<\/p>\n<p>&nbsp;<\/p>\n<p><span style=\"color: #a9a9a9;\">Photo credits:<\/span><\/p>\n<div style=\"background: #eee; border: 1px solid #ccc; padding: 5px 10px;\"><em><span style=\"color: #a9a9a9;\">Castello di\u00a0Spi\u0161\u00a0(<\/span><a href=\"http:\/\/it.wikipedia.org\/wiki\/Castello_di_Spi%C5%A1#\/media\/File:Spissky_Hrad-LV-2.jpg\" data-rel=\"lightbox-gallery-LjDE0rIK\" data-rl_title=\"\" data-rl_caption=\"\" title=\"\"><span style=\"color: #a9a9a9;\">Pierre Bona<\/span><\/a><span style=\"color: #a9a9a9;\"> CC-BY-SA 3.0), GoogleMaps \/ Turismo Slovacchia<\/span><\/em><\/div>\n<p>&nbsp;<\/p>\n","protected":false},"excerpt":{"rendered":"<p>&nbsp; Sito Unesco: Levo\u010da, Castello di Spi\u0161 e i suoi monumenti culturali Data d&#8217;iscrizione: 1993-2009 &nbsp; &nbsp; Si tratta di un insieme unico con monumenti ben conservati in una affascinante cornice naturale calcarea della Riserva Naturale Nazionale Drevenik. Il complesso di questi edifici \u00e8 stato iscritto nel 1993 nella Lista del Patrimonio Mondiale UNESCO. Nel [&hellip;]<\/p>\n","protected":false},"author":2,"featured_media":5362,"parent":4747,"menu_order":0,"comment_status":"open","ping_status":"open","template":"","meta":[],"aioseo_notices":[],"jetpack_sharing_enabled":true,"jetpack-related-posts":[{"id":3212,"url":"https:\/\/www.turismoslovacchia.it\/?page_id=3212","url_meta":{"origin":5345,"position":0},"title":"Le regioni turistiche: Spi\u0161 meridionale (Ju\u017en\u00fd Spi\u0161)","date":"9 Febbraio 2014","format":false,"excerpt":"La regione turistica di Spi\u0161 del Sud \u00e8 parte della Regione autonoma di Pre\u0161ov (Pre\u0161ovsk\u00fd kraj) e comprende i distretti di Levo\u010da, Spi\u0161sk\u00e1 Nov\u00e1 Ves, Gelnica e parte di Ro\u017e\u0148ava. Castello di Spi\u0161 Spi\u0161 \u00e8 il territorio storico nel nord della Slovacchia, con tutti gli attributi naturali propri del tipico\u2026","rel":"","context":"In \"Castello di Spis\"","img":{"alt_text":"","src":"https:\/\/i0.wp.com\/www.turismoslovacchia.it\/wp-content\/uploads\/Castello-di-Spis-Slovacchia.jpg?resize=350%2C200&ssl=1","width":350,"height":200},"classes":[]},{"id":5368,"url":"https:\/\/www.turismoslovacchia.it\/?page_id=5368","url_meta":{"origin":5345,"position":1},"title":"Spi\u0161sk\u00e9 Podhradie e \u017dehra","date":"21 Giugno 2015","format":false,"excerpt":"\u00a0 Sito Unesco: Levo\u010da, Castello di Spi\u0161 e i suoi monumenti culturali Data d'iscrizione: 1993-2009 \u00a0 \u00a0 Il villaggio di Spi\u0161sk\u00e9 Podhradie, nato alla base della collina del castello nell\u2019XI\u00b0, prese importanza con l\u2019arrivo dei coloni tedeschi nei secoli successivi, e divenne indipendente dal castello stesso. Nel XV\u00b0 secolo ricevette\u2026","rel":"","context":"In \"arte\"","img":{"alt_text":"spis_(Pierre Bona@wiki)","src":"https:\/\/i0.wp.com\/www.turismoslovacchia.it\/wp-content\/uploads\/spis_Pierre-Bona@wiki.jpg?resize=350%2C200","width":350,"height":200},"classes":[]},{"id":5366,"url":"https:\/\/www.turismoslovacchia.it\/?page_id=5366","url_meta":{"origin":5345,"position":2},"title":"Castello di Spi\u0161","date":"20 Giugno 2015","format":false,"excerpt":"\u00a0 Sito Unesco: Levo\u010da, Castello di Spi\u0161 e i suoi monumenti culturali Data d'iscrizione: 1993-2009 \u00a0 \u00a0 Il Castello di Spi\u0161 (Spi\u0161sk\u00fd hrad) \u00e8 il pi\u00f9 grande complesso fortificato medievale in Europa centro-orientale, insieme alla piccola cittadina di Spi\u0161sk\u00e9 Podhradie (con case borghesi tipiche di et\u00e0 rinascimentale e barocca), la\u2026","rel":"","context":"In \"archeologia\"","img":{"alt_text":"","src":"https:\/\/i0.wp.com\/www.turismoslovacchia.it\/wp-content\/uploads\/spis-cast_Richard-Hutyra-CC-BY-ND.jpg?resize=350%2C200&ssl=1","width":350,"height":200},"classes":[]},{"id":5370,"url":"https:\/\/www.turismoslovacchia.it\/?page_id=5370","url_meta":{"origin":5345,"position":3},"title":"Spi\u0161sk\u00e1 Kapitula","date":"21 Giugno 2015","format":false,"excerpt":"\u00a0 Sito Unesco: Levo\u010da, Castello di Spi\u0161 e i suoi monumenti culturali Data d'iscrizione: 1993-2009 \u00a0 \u00a0 La cittadella ecclesiastica Spi\u0161sk\u00e1 Kapitula (Capitolo di Spi\u0161), indicata anche come il \"Vaticano slovacco\", fu creata nel XIII\u00b0 secolo dalla Chiesa cattolica a\u00a0circa un\u00a0chilometro a\u00a0ovest del villaggio Spi\u0161sk\u00e9 Podhradie. Qui, in un insieme\u2026","rel":"","context":"In \"arte\"","img":{"alt_text":"","src":"https:\/\/i0.wp.com\/www.turismoslovacchia.it\/wp-content\/uploads\/spisska-kapit_Eugene-Toporov-CC-BY-NC-ND@picasa.jpg?resize=350%2C200&ssl=1","width":350,"height":200},"classes":[]},{"id":7714,"url":"https:\/\/www.turismoslovacchia.it\/?page_id=7714","url_meta":{"origin":5345,"position":4},"title":"Castello di Spi\u0161","date":"5 Febbraio 2017","format":false,"excerpt":"\u00a0 Costruito agli inizi del XII secolo su una collina di travertino, questo castello medievale \u00e8 gradualmente cresciuto per dimensioni, fino a diventare centro politico, economico e culturale dell\u2019intera regione omonima. Il pi\u00f9 antico riferimento scritto al castello \u00e8 del 1120. Inizialmente si trattava di una fortezza di frontiera posta\u2026","rel":"","context":"In \"castelli\"","img":{"alt_text":"","src":"https:\/\/i0.wp.com\/www.turismoslovacchia.it\/wp-content\/uploads\/spisska-kapitula_Marek-Zalibera-49395548-CC-BT-NC-3.0-@panor.jpg?resize=350%2C200&ssl=1","width":350,"height":200},"classes":[]},{"id":4747,"url":"https:\/\/www.turismoslovacchia.it\/?page_id=4747","url_meta":{"origin":5345,"position":5},"title":"I siti Patrimonio Unesco della Slovacchia","date":"15 Maggio 2015","format":false,"excerpt":"\u00a0 Siti Unesco in Slovacchia: 7 Data d'iscrizione: 1993-2008 \u00a0 \u00a0 Sono sette i siti Unesco in Slovacchia, 5 del Patrimonio culturale e 2 di quello naturale. A livello globale sono\u00a01007 i siti protetti inclusi nella Lista del Patrimonio mondiale Unesco, di carattere culturale, monumentale e di interesse naturale. L\u2019Italia\u2026","rel":"","context":"In \"Unesco\"","img":{"alt_text":"","src":"https:\/\/i0.wp.com\/www.turismoslovacchia.it\/wp-content\/uploads\/Banska-Stiavnica_calvario_ear4_3048030351@flickr.jpg?resize=350%2C200&ssl=1","width":350,"height":200},"classes":[]}],"jetpack_shortlink":"https:\/\/wp.me\/P1oiY9-1od","_links":{"self":[{"href":"https:\/\/www.turismoslovacchia.it\/index.php?rest_route=\/wp\/v2\/pages\/5345"}],"collection":[{"href":"https:\/\/www.turismoslovacchia.it\/index.php?rest_route=\/wp\/v2\/pages"}],"about":[{"href":"https:\/\/www.turismoslovacchia.it\/index.php?rest_route=\/wp\/v2\/types\/page"}],"author":[{"embeddable":true,"href":"https:\/\/www.turismoslovacchia.it\/index.php?rest_route=\/wp\/v2\/users\/2"}],"replies":[{"embeddable":true,"href":"https:\/\/www.turismoslovacchia.it\/index.php?rest_route=%2Fwp%2Fv2%2Fcomments&post=5345"}],"version-history":[{"count":0,"href":"https:\/\/www.turismoslovacchia.it\/index.php?rest_route=\/wp\/v2\/pages\/5345\/revisions"}],"up":[{"embeddable":true,"href":"https:\/\/www.turismoslovacchia.it\/index.php?rest_route=\/wp\/v2\/pages\/4747"}],"wp:featuredmedia":[{"embeddable":true,"href":"https:\/\/www.turismoslovacchia.it\/index.php?rest_route=\/wp\/v2\/media\/5362"}],"wp:attachment":[{"href":"https:\/\/www.turismoslovacchia.it\/index.php?rest_route=%2Fwp%2Fv2%2Fmedia&parent=5345"}],"curies":[{"name":"wp","href":"https:\/\/api.w.org\/{rel}","templated":true}]}}