{"id":4126,"date":"2014-08-16T17:40:56","date_gmt":"2014-08-16T15:40:56","guid":{"rendered":"http:\/\/www.turismoslovacchia.it\/?page_id=4126"},"modified":"2021-03-17T23:51:51","modified_gmt":"2021-03-17T22:51:51","slug":"parco-nazionale-muranska-planina","status":"publish","type":"page","link":"https:\/\/www.turismoslovacchia.it\/?page_id=4126","title":{"rendered":"Parco Nazionale Mur\u00e1nska planina"},"content":{"rendered":"<p style=\"text-align: justify;\"><a href=\"http:\/\/www.turismoslovacchia.it\/wp-content\/uploads\/Muranska-planina-Pudelek@Wikimedia.jpg\" data-rel=\"lightbox-gallery-QHTS1LE1\" data-rl_title=\"\" data-rl_caption=\"\" title=\"\"><img decoding=\"async\" loading=\"lazy\" class=\"alignnone wp-image-4385\" src=\"http:\/\/www.turismoslovacchia.it\/wp-content\/uploads\/Muranska-planina-Pudelek@Wikimedia.jpg\" alt=\"Muranska-planina (Pudelek@Wikimedia)\" width=\"721\" height=\"444\" srcset=\"https:\/\/www.turismoslovacchia.it\/wp-content\/uploads\/Muranska-planina-Pudelek@Wikimedia.jpg 700w, https:\/\/www.turismoslovacchia.it\/wp-content\/uploads\/Muranska-planina-Pudelek@Wikimedia-300x185.jpg 300w, https:\/\/www.turismoslovacchia.it\/wp-content\/uploads\/Muranska-planina-Pudelek@Wikimedia-600x369.jpg 600w, https:\/\/www.turismoslovacchia.it\/wp-content\/uploads\/Muranska-planina-Pudelek@Wikimedia-400x246.jpg 400w, https:\/\/www.turismoslovacchia.it\/wp-content\/uploads\/Muranska-planina-Pudelek@Wikimedia-100x62.jpg 100w, https:\/\/www.turismoslovacchia.it\/wp-content\/uploads\/Muranska-planina-Pudelek@Wikimedia-200x123.jpg 200w, https:\/\/www.turismoslovacchia.it\/wp-content\/uploads\/Muranska-planina-Pudelek@Wikimedia-150x92.jpg 150w\" sizes=\"(max-width: 721px) 100vw, 721px\" \/><\/a><\/p>\n<p style=\"text-align: justify;\">Il Parco Nazionale Mur\u00e1nska planina (N\u00e1rodn\u00fd park Mur\u00e1nska planina) \u00e8 uno dei pi\u00f9 giovani parchi nazionali in Slovacchia. \u00c8 situato nella parte centrale della Slovacchia, nei distretti di Brezno e Rev\u00faca, nella regione di Bansk\u00e1 Bystrica. Protegge l&#8217;area di Mur\u00e1nska planina (la pianura di Mur\u00e1\u0148), che \u00e8 geologicamente parte della catena montuosa Slovensk\u00e9 rudohorie.<\/p>\n<p style=\"text-align: justify;\"><img decoding=\"async\" loading=\"lazy\" class=\"alignleft\" src=\"https:\/\/encrypted-tbn0.gstatic.com\/images?q=tbn:ANd9GcR4IrfStonfwps7OOhOgaNrENwOovkkIHAgzg&amp;usqp=CAU\" width=\"190\" height=\"168\" \/>Il parco, designato come tale nel 1997, si estende su una superficie totale di 203,18 km2, e la sua zona cuscinetto copre 216,98 km2. Il cuore del parco \u00e8 costituito da un altopiano in calcare e dolomie, con formazioni carsiche che si estendono per una lunghezza complessiva di circa 25 km, dall\u2019abitato di \u010cerven\u00e1 Skala (parte di \u0160umiac) alla citt\u00e0 di Tisovec. All\u2019interno del parco, oltre a diverse sorgenti carsiche, sono presenti oltre 250 grotte dalle caratteristiche interessanti, che sono tuttavia inaccessibili al pubblico,\u00a0 e almeno 15 abissi.<\/p>\n<p style=\"text-align: justify;\">Il parco \u00e8 dominato da un paesaggio montano selvaggio, con minimi interventi umani. Il punto pi\u00f9 alto \u00e8 la cima Fabova ho\u013ea, a 1.439 metri slm, mentre nella zona cuscinetto si trova un picco pi\u00f9 alto, Stolica, di 1.476 metri.<\/p>\n<p style=\"text-align: justify;\"><iframe loading=\"lazy\" src=\"https:\/\/maps.google.com\/maps?f=q&amp;source=s_q&amp;hl=en&amp;geocode=&amp;q=N%C3%A1rodn%C3%BD+park+Mur%C3%A1nska+planina&amp;sll=48.777913,19.698486&amp;sspn=6.415437,16.798096&amp;ie=UTF8&amp;hq=&amp;hnear=&amp;ll=48.772249,20.021105&amp;spn=0.006295,0.006295&amp;t=p&amp;output=embed\" width=\"720\" height=\"360\" frameborder=\"0\" marginwidth=\"0\" marginheight=\"0\" scrolling=\"no\"><\/iframe><\/p>\n<p style=\"text-align: justify;\"><img decoding=\"async\" loading=\"lazy\" class=\"alignnone\" src=\"http:\/\/upload.wikimedia.org\/wikipedia\/commons\/thumb\/d\/d6\/Hrdzav%C3%A1_dolina_-_poh%C4%BEad_z_obce_Mur%C3%A1%C5%88_%28Mur%C3%A1nyalja%29.JPG\/1200px-Hrdzav%C3%A1_dolina_-_poh%C4%BEad_z_obce_Mur%C3%A1%C5%88_%28Mur%C3%A1nyalja%29.JPG\" alt=\"\" width=\"721\" height=\"274\" \/><\/p>\n<p style=\"text-align: justify;\"><span style=\"color: #808080;\"><em>Hrdzav\u00e1 dolina (<span style=\"color: #808080;\">Pudelek<\/span><a href=\"http:\/\/commons.wikimedia.org\/wiki\/File:Hrdzav%C3%A1_dolina_-_poh%C4%BEad_z_obce_Mur%C3%A1%C5%88_(Mur%C3%A1nyalja).JPG\" data-rel=\"lightbox-gallery-QHTS1LE1\" data-rl_title=\"\" data-rl_caption=\"\" title=\"\"><span style=\"color: #808080;\">@Wikimedia<\/span><\/a>)<\/em><\/span><\/p>\n<p style=\"text-align: justify;\"><img decoding=\"async\" loading=\"lazy\" class=\"alignnone\" src=\"http:\/\/upload.wikimedia.org\/wikipedia\/commons\/thumb\/9\/99\/Mur%C3%A1nska_planina%2C_K%C4%BEak%2C_pohled_JZ_02.jpg\/1200px-Mur%C3%A1nska_planina%2C_K%C4%BEak%2C_pohled_JZ_02.jpg\" alt=\"\" width=\"721\" height=\"513\" \/><\/p>\n<p style=\"text-align: justify;\"><em><span style=\"color: #808080;\">Foto <span style=\"color: #808080;\">Daniel Baranek<\/span><a href=\"http:\/\/upload.wikimedia.org\/wikipedia\/commons\/thumb\/9\/99\/Mur%C3%A1nska_planina%2C_K%C4%BEak%2C_pohled_JZ_02.jpg\/1200px-Mur%C3%A1nska_planina%2C_K%C4%BEak%2C_pohled_JZ_02.jpg\" data-rel=\"lightbox-gallery-QHTS1LE1\" data-rl_title=\"\" data-rl_caption=\"\" title=\"\"><span style=\"color: #808080;\">@Wikimedia<\/span><\/a><\/span><\/em><\/p>\n<p style=\"text-align: justify;\"><img decoding=\"async\" loading=\"lazy\" class=\"alignnone\" src=\"http:\/\/upload.wikimedia.org\/wikipedia\/commons\/thumb\/5\/54\/Muranska_11.jpg\/1200px-Muranska_11.jpg\" alt=\"\" width=\"721\" height=\"517\" \/><\/p>\n<p style=\"text-align: justify;\"><span style=\"color: #808080;\"><em>Foto <span style=\"color: #808080;\">Wizzard<\/span><a href=\"http:\/\/upload.wikimedia.org\/wikipedia\/commons\/thumb\/5\/54\/Muranska_11.jpg\/1200px-Muranska_11.jpg\" data-rel=\"lightbox-gallery-QHTS1LE1\" data-rl_title=\"\" data-rl_caption=\"\" title=\"\"><span style=\"color: #808080;\">@Wikimedia<\/span><\/a><\/em><\/span><\/p>\n<p style=\"text-align: justify;\"><img decoding=\"async\" loading=\"lazy\" class=\"alignnone\" src=\"http:\/\/upload.wikimedia.org\/wikipedia\/commons\/thumb\/3\/37\/Mur%C3%A1nska_planina_-_%C3%9Atul%C5%88a_Ni%C5%BEn%C3%A1_K%C4%BEakov%C3%A1.JPG\/1200px-Mur%C3%A1nska_planina_-_%C3%9Atul%C5%88a_Ni%C5%BEn%C3%A1_K%C4%BEakov%C3%A1.JPG\" alt=\"\" width=\"719\" height=\"463\" \/><\/p>\n<p style=\"text-align: justify;\"><span style=\"color: #808080;\"><em>Foto <span style=\"color: #808080;\">Pudelek<\/span><a href=\"http:\/\/upload.wikimedia.org\/wikipedia\/commons\/thumb\/3\/37\/Mur%C3%A1nska_planina_-_%C3%9Atul%C5%88a_Ni%C5%BEn%C3%A1_K%C4%BEakov%C3%A1.JPG\/1200px-Mur%C3%A1nska_planina_-_%C3%9Atul%C5%88a_Ni%C5%BEn%C3%A1_K%C4%BEakov%C3%A1.JPG\" data-rel=\"lightbox-gallery-QHTS1LE1\" data-rl_title=\"\" data-rl_caption=\"\" title=\"\"><span style=\"color: #808080;\">@Wikimedia<\/span><\/a><\/em><\/span><\/p>\n<p style=\"text-align: justify;\"><a href=\"https:\/\/www.turismoslovacchia.it\/wp-content\/uploads\/muranska-planina-parco-nazi@Govisity.jpg\" data-rel=\"lightbox-gallery-QHTS1LE1\" data-rl_title=\"\" data-rl_caption=\"\" title=\"\"><img decoding=\"async\" loading=\"lazy\" class=\"alignnone  wp-image-9796\" src=\"https:\/\/www.turismoslovacchia.it\/wp-content\/uploads\/muranska-planina-parco-nazi@Govisity.jpg\" alt=\"\" width=\"723\" height=\"434\" srcset=\"https:\/\/www.turismoslovacchia.it\/wp-content\/uploads\/muranska-planina-parco-nazi@Govisity.jpg 678w, https:\/\/www.turismoslovacchia.it\/wp-content\/uploads\/muranska-planina-parco-nazi@Govisity-300x180.jpg 300w, https:\/\/www.turismoslovacchia.it\/wp-content\/uploads\/muranska-planina-parco-nazi@Govisity-150x90.jpg 150w\" sizes=\"(max-width: 723px) 100vw, 723px\" \/><\/a><\/p>\n<p style=\"text-align: justify;\"><span style=\"color: #808080;\"><em><span style=\"color: #808080;\">Monte Cig\u00e1nka (935 m) (<a href=\"https:\/\/govisity.com\/\"><span style=\"color: #808080;\">Govisity.com<\/span><\/a>\u00a0cc by)<br \/>\n<\/span><span style=\"color: #808080;\">\u00a0<\/span><\/em><\/span><\/p>\n<p style=\"text-align: justify;\"><img decoding=\"async\" loading=\"lazy\" class=\"alignnone\" src=\"http:\/\/upload.wikimedia.org\/wikipedia\/commons\/thumb\/f\/fe\/Muranska_16.jpg\/1200px-Muranska_16.jpg\" alt=\"\" width=\"720\" height=\"507\" \/><\/p>\n<p style=\"text-align: justify;\"><em><span style=\"color: #808080;\">Foto <span style=\"color: #808080;\">Wizzard<\/span><a href=\"http:\/\/commons.wikimedia.org\/wiki\/File:Muranska_16.jpg\" data-rel=\"lightbox-gallery-QHTS1LE1\" data-rl_title=\"\" data-rl_caption=\"\" title=\"\"><span style=\"color: #808080;\">@Wikimedia<\/span><\/a><\/span><\/em><\/p>\n<p style=\"text-align: justify;\">La flora del Parco Nazionale Mur\u00e1nska planina si distingue per la sua biodiversit\u00e0 e la ricchezza delle specie presenti, di cui 90 protette, e comprende 35 specie endemiche e sub-endemiche, come ad esempio la Daphne arbuscula, pianta del terziario, la pi\u00f9 rara della zona. Globalmente, vi si possono trovare circa 1.400 specie di piante vascolari. Le foreste coprono circa il 90% della superficie, e sono in prevalenza querceti e faggete, accompagnate a boschi di abete alpino rosso. \u00c8 anche presente la pineta nana alla quota pi\u00f9 bassa in Slovacchia (a 750 metri slm).<\/p>\n<p style=\"text-align: justify;\"><img decoding=\"async\" loading=\"lazy\" class=\"alignnone\" src=\"http:\/\/upload.wikimedia.org\/wikipedia\/commons\/thumb\/8\/8e\/Mur%C3%A1nska_planina%2C_Cig%C3%A1nka%2C_les_01.jpg\/1200px-Mur%C3%A1nska_planina%2C_Cig%C3%A1nka%2C_les_01.jpg\" alt=\"\" width=\"721\" height=\"515\" \/><\/p>\n<p style=\"text-align: justify;\"><em><span style=\"color: #808080;\">Foto <span style=\"color: #808080;\">Daniel Baranek<\/span><a href=\"http:\/\/upload.wikimedia.org\/wikipedia\/commons\/thumb\/8\/8e\/Mur%C3%A1nska_planina%2C_Cig%C3%A1nka%2C_les_01.jpg\/1200px-Mur%C3%A1nska_planina%2C_Cig%C3%A1nka%2C_les_01.jpg\" data-rel=\"lightbox-gallery-QHTS1LE1\" data-rl_title=\"\" data-rl_caption=\"\" title=\"\"><span style=\"color: #808080;\">@Wikimedia<\/span><\/a><\/span><\/em><\/p>\n<p style=\"text-align: justify;\"><img decoding=\"async\" loading=\"lazy\" class=\"alignnone\" src=\"http:\/\/upload.wikimedia.org\/wikipedia\/commons\/thumb\/2\/26\/Mur%C3%A1nska_planina%2C_Jaskova_muka%2C_Lilium_martagon_02.jpg\/1200px-Mur%C3%A1nska_planina%2C_Jaskova_muka%2C_Lilium_martagon_02.jpg\" alt=\"\" width=\"721\" height=\"521\" \/><\/p>\n<p style=\"text-align: justify;\"><em><span style=\"color: #808080;\">Foto <span style=\"color: #808080;\">Daniel Baranel<\/span><a href=\"http:\/\/upload.wikimedia.org\/wikipedia\/commons\/thumb\/2\/26\/Mur%C3%A1nska_planina%2C_Jaskova_muka%2C_Lilium_martagon_02.jpg\/1200px-Mur%C3%A1nska_planina%2C_Jaskova_muka%2C_Lilium_martagon_02.jpg\" data-rel=\"lightbox-gallery-QHTS1LE1\" data-rl_title=\"\" data-rl_caption=\"\" title=\"\"><span style=\"color: #808080;\">@Wikimedia<\/span><\/a><\/span><\/em><\/p>\n<p style=\"text-align: justify;\">Quanto alla fauna, oltre a resti preistorici di creodonte, un mammifero carnivoro estinto del periodo terziario, ci sono tipiche presenze di lupo grigio (Canis lupus), orso bruno (Ursus arctos), lince eurasiatica (Lynx lynx), gatto selvatico (Felis silvestris), aquila reale (Aquilla chrysaetos), aquila anatraia (Clanga pomarina), lontra, falco cherrug, gufo reale (Bubo bubo). E nelle grotte vivono diverse specie di pipistrelli. Una peculiarit\u00e0 della Mur\u00e1nska planina \u00e8 una razza locale di cavalli semi-selvaggi utilizzati per le necessit\u00e0 della silvicoltura.<\/p>\n<p style=\"text-align: justify;\"><a href=\"http:\/\/www.turismoslovacchia.it\/?attachment_id=3319\" rel=\"attachment wp-att-3319\"><img decoding=\"async\" loading=\"lazy\" class=\"alignnone wp-image-3319\" src=\"http:\/\/www.turismoslovacchia.it\/wp-content\/uploads\/Muranska-planina-parco-naz_Wikimedia.jpg\" alt=\"Muranska-planina-parco-naz_(Wikimedia)\" width=\"721\" height=\"444\" srcset=\"https:\/\/www.turismoslovacchia.it\/wp-content\/uploads\/Muranska-planina-parco-naz_Wikimedia.jpg 520w, https:\/\/www.turismoslovacchia.it\/wp-content\/uploads\/Muranska-planina-parco-naz_Wikimedia-300x185.jpg 300w, https:\/\/www.turismoslovacchia.it\/wp-content\/uploads\/Muranska-planina-parco-naz_Wikimedia-400x246.jpg 400w, https:\/\/www.turismoslovacchia.it\/wp-content\/uploads\/Muranska-planina-parco-naz_Wikimedia-100x62.jpg 100w, https:\/\/www.turismoslovacchia.it\/wp-content\/uploads\/Muranska-planina-parco-naz_Wikimedia-200x123.jpg 200w, https:\/\/www.turismoslovacchia.it\/wp-content\/uploads\/Muranska-planina-parco-naz_Wikimedia-150x92.jpg 150w\" sizes=\"(max-width: 721px) 100vw, 721px\" \/><\/a><\/p>\n<p style=\"text-align: justify;\"><span style=\"color: #808080;\"><em>Foto <span style=\"color: #808080;\">Daniel Baranek<\/span><a href=\"http:\/\/commons.wikimedia.org\/wiki\/File:Mur%C3%A1nska_planina,_Maretkin%C3%A1,_Hucul_02.jpg\" data-rel=\"lightbox-gallery-QHTS1LE1\" data-rl_title=\"\" data-rl_caption=\"\" title=\"\"><span style=\"color: #808080;\">@Wikimedia<\/span><\/a><\/em><\/span><\/p>\n<p style=\"text-align: justify;\"><img decoding=\"async\" loading=\"lazy\" class=\"alignnone\" src=\"http:\/\/upload.wikimedia.org\/wikipedia\/commons\/thumb\/c\/cc\/Horses%2C_Ve%C4%BEk%C3%A1_l%C3%BAka_%282%29.jpg\/1200px-Horses%2C_Ve%C4%BEk%C3%A1_l%C3%BAka_%282%29.jpg\" alt=\"\" width=\"721\" height=\"522\" \/><\/p>\n<p style=\"text-align: justify;\"><em><span style=\"color: #808080;\">Foto\u00a0Pavel Sevela<a href=\"http:\/\/commons.wikimedia.org\/wiki\/File:Horses,_Ve%C4%BEk%C3%A1_l%C3%BAka_(2).jpg\" data-rel=\"lightbox-gallery-QHTS1LE1\" data-rl_title=\"\" data-rl_caption=\"\" title=\"\"><span style=\"color: #808080;\">@Wikimedia<\/span><\/a><\/span><\/em><\/p>\n<p style=\"text-align: justify;\"><img decoding=\"async\" loading=\"lazy\" class=\"alignnone\" src=\"http:\/\/upload.wikimedia.org\/wikipedia\/commons\/thumb\/5\/51\/Mur%C3%A1nska_planina%2C_Nad_%C4%8Cervenou_01.jpg\/1200px-Mur%C3%A1nska_planina%2C_Nad_%C4%8Cervenou_01.jpg\" alt=\"\" width=\"721\" height=\"524\" \/><\/p>\n<p style=\"text-align: justify;\"><em><span style=\"color: #808080;\">Foto <span style=\"color: #808080;\">Daniel Baranek@<\/span><a href=\"http:\/\/upload.wikimedia.org\/wikipedia\/commons\/thumb\/5\/51\/Mur%C3%A1nska_planina%2C_Nad_%C4%8Cervenou_01.jpg\/1200px-Mur%C3%A1nska_planina%2C_Nad_%C4%8Cervenou_01.jpg\" data-rel=\"lightbox-gallery-QHTS1LE1\" data-rl_title=\"\" data-rl_caption=\"\" title=\"\"><span style=\"color: #808080;\">Wikimedia<\/span><\/a><\/span><\/em><\/p>\n<p style=\"text-align: justify;\"><img decoding=\"async\" loading=\"lazy\" class=\"alignnone\" src=\"http:\/\/upload.wikimedia.org\/wikipedia\/commons\/thumb\/8\/81\/Krmelec%2C_Mur%C3%A1nska_planina.jpg\/1200px-Krmelec%2C_Mur%C3%A1nska_planina.jpg\" alt=\"\" width=\"720\" height=\"393\" \/><\/p>\n<p style=\"text-align: justify;\"><em><span style=\"color: #808080;\">Foto <span style=\"color: #808080;\">Pavel Sevela<\/span><a href=\"http:\/\/upload.wikimedia.org\/wikipedia\/commons\/thumb\/8\/81\/Krmelec%2C_Mur%C3%A1nska_planina.jpg\/1200px-Krmelec%2C_Mur%C3%A1nska_planina.jpg\" data-rel=\"lightbox-gallery-QHTS1LE1\" data-rl_title=\"\" data-rl_caption=\"\" title=\"\"><span style=\"color: #808080;\">@Wikimedia<\/span><\/a><\/span><\/em><\/p>\n<p style=\"text-align: justify;\"><img decoding=\"async\" loading=\"lazy\" class=\"alignnone\" src=\"http:\/\/upload.wikimedia.org\/wikipedia\/commons\/thumb\/5\/59\/Mur%C3%A1nska_planina%2C_Sto%C5%BEky%2C_pstruhov%C3%A1_l%C3%ADhe%C5%88_01.jpg\/1280px-Mur%C3%A1nska_planina%2C_Sto%C5%BEky%2C_pstruhov%C3%A1_l%C3%ADhe%C5%88_01.jpg\" alt=\"\" width=\"723\" height=\"530\" \/><\/p>\n<p style=\"text-align: justify;\"><em><span style=\"color: #808080;\">Foto <span style=\"color: #808080;\">Daniel Baranek<\/span><a href=\"http:\/\/commons.wikimedia.org\/wiki\/Category:Sto%C5%BEky#mediaviewer\/File:Mur%C3%A1nska_planina,_Sto%C5%BEky,_pstruhov%C3%A1_l%C3%ADhe%C5%88_01.jpg\" data-rel=\"lightbox-gallery-QHTS1LE1\" data-rl_title=\"\" data-rl_caption=\"\" title=\"\"><span style=\"color: #808080;\">@Wikimedia<\/span><\/a><\/span><\/em><\/p>\n<p style=\"text-align: justify;\"><div class=\"simplePullQuote right\"><p>Sito ufficiale: <a href=\"http:\/\/npmuranskaplanina.sopsr.sk\/\">http:\/\/www.npmp.sk\/<\/a><\/p>\n<\/div>Tra le attrazioni turistiche nella zona del parco vi sono circa 300 km di sentieri segnalati e due percorsi didattici. Presente anche il mitico castello di Mur\u00e1\u0148, oggi in rovina. Il migliore accesso al parco \u00e8 dai villaggi e insediamenti circostanti, per esempio Mur\u00e1\u0148 e Z\u00e1vadka nad Hronom. Luoghi attraenti per le escursioni includono lo stesso Z\u00e1vadka nad Hronom e la sella Zbojsk\u00e1.<\/p>\n<p style=\"text-align: justify;\"><span style=\"color: #808080;\"><em>Foto sotto al titolo:\u00a0Mur\u00e1nska planina, Ni\u017en\u00e1 K\u013eakov\u00e1 (<span style=\"color: #808080;\">Pudelek<\/span><a href=\"http:\/\/commons.wikimedia.org\/wiki\/File:Mur%C3%A1nska_planina_-_sunrise_in_Ni%C5%BEn%C3%A1_K%C4%BEakov%C3%A1.JPG\" data-rel=\"lightbox-gallery-QHTS1LE1\" data-rl_title=\"\" data-rl_caption=\"\" title=\"\"><span style=\"color: #808080;\">@Wikimedia)<\/span><\/a><\/em><\/span><\/p>\n","protected":false},"excerpt":{"rendered":"<p>Il Parco Nazionale Mur\u00e1nska planina (N\u00e1rodn\u00fd park Mur\u00e1nska planina) \u00e8 uno dei pi\u00f9 giovani parchi nazionali in Slovacchia. \u00c8 situato nella parte centrale della Slovacchia, nei distretti di Brezno e Rev\u00faca, nella regione di Bansk\u00e1 Bystrica. Protegge l&#8217;area di Mur\u00e1nska planina (la pianura di Mur\u00e1\u0148), che \u00e8 geologicamente parte della catena montuosa Slovensk\u00e9 rudohorie. Il [&hellip;]<\/p>\n","protected":false},"author":2,"featured_media":4385,"parent":4156,"menu_order":0,"comment_status":"open","ping_status":"closed","template":"","meta":[],"aioseo_notices":[],"jetpack_sharing_enabled":true,"jetpack-related-posts":[{"id":3214,"url":"https:\/\/www.turismoslovacchia.it\/?page_id=3214","url_meta":{"origin":4126,"position":0},"title":"Le regioni turistiche: Gemer e Malohont (Gemersk\u00fd)","date":"9 Febbraio 2014","format":false,"excerpt":"La regione turistica chiamata Gemersk\u00fd \u00e8 parte della Regione autonoma di Bansk\u00e1 Bystrica (Banskobystrick\u00fd kraj) e comprende i distretti di Rimavsk\u00e1 Sobota, Rev\u00faca e parte di Ro\u017e\u0148ava. Castello di Kr\u00e1sna H\u00f4rka (Ubertino de Casale@skyscrapercity.com) Il territorio di Gemer si trova nel sud della Slovacchia centrale. Dal XIX secolo al suo\u2026","rel":"","context":"In \"Banska Bystrica\"","img":{"alt_text":"","src":"https:\/\/i0.wp.com\/www.turismoslovacchia.it\/wp-content\/uploads\/Krasna-Horka-ubertinodecasale_skyscrapercity.com_.jpg?resize=350%2C200&ssl=1","width":350,"height":200},"classes":[]},{"id":3199,"url":"https:\/\/www.turismoslovacchia.it\/?page_id=3199","url_meta":{"origin":4126,"position":1},"title":"Le regioni turistiche: Horehronie (Horehronsk\u00fd)","date":"21 Aprile 2014","format":false,"excerpt":"La regione turistica Horehronie (Horehronsk\u00fd) \u00e8 parte della Regione autonoma di Bansk\u00e1 Bystrica (Banskobystrick\u00fd kraj) e comprende i distretti di Bansk\u00e1 Bystrica e Brezno. Horehronie (Martin Sojka@flickr - BY-NC-SA) La regione turistica Horehronie (anche conosciuta come regione dell'Alto Hron - in slovacco Horehronsk\u00fd - oppure come Horn\u00e9 Pohronie) comprende la\u2026","rel":"","context":"In \"Banska Bystrica\"","img":{"alt_text":"","src":"https:\/\/i0.wp.com\/www.turismoslovacchia.it\/wp-content\/uploads\/Fiume-Hron-vicino-a-Podbrezova_Mastelak-4002461462.jpg?resize=350%2C200&ssl=1","width":350,"height":200},"classes":[]},{"id":4156,"url":"https:\/\/www.turismoslovacchia.it\/?page_id=4156","url_meta":{"origin":4126,"position":2},"title":"I Parchi Nazionali della Slovacchia","date":"16 Agosto 2014","format":false,"excerpt":"In Slovacchia ci sono 9 Parchi Nazionali, 14 Paesaggi Protetti e pi\u00f9 di 1000 aree protette di piccole dimensioni, tra cui Siti Protetti, Riserve Naturali, Riserve Naturali Nazionali, Monumenti Naturali e Monumenti Naturali Nazionali (che insieme alle aree cuscinetto coprono circa il 23% del territorio nazionale). La \"\u0160t\u00e1tna Ochrana Pr\u00edrody\"\u2026","rel":"","context":"In \"parchi nazionali\"","img":{"alt_text":"","src":"https:\/\/i0.wp.com\/www.turismoslovacchia.it\/wp-content\/uploads\/Alti-Tatra-marmotta_wikimedia.jpg?resize=350%2C200&ssl=1","width":350,"height":200},"classes":[]},{"id":4195,"url":"https:\/\/www.turismoslovacchia.it\/?page_id=4195","url_meta":{"origin":4126,"position":3},"title":"Parco Nazionale di Poloniny","date":"18 Agosto 2014","format":false,"excerpt":"Il Parco Nazionale di Poloniny (N\u00e1rodn\u00fd park Poloniny) \u00e8 un parco nazionale nel nord-est della Slovacchia, al confine con Polonia e Ucraina, nei Monti Bukovec (Bukovsk\u00e9 vrchy), che appartiene ai Carpazi orientali. \u00c8 stato creato nel 1997 in un'area protetta di 298,05 km2, con una zona cuscinetto di 109,73 km2.\u2026","rel":"","context":"In \"Bukovsk\u00e9 vrchy\"","img":{"alt_text":"","src":"https:\/\/i0.wp.com\/www.turismoslovacchia.it\/wp-content\/uploads\/foresta-primordiale-Stuzica_Caroig@Wiki.jpg?resize=350%2C200&ssl=1","width":350,"height":200},"classes":[]},{"id":4066,"url":"https:\/\/www.turismoslovacchia.it\/?page_id=4066","url_meta":{"origin":4126,"position":4},"title":"Parco Nazionale Mal\u00e1 Fatra","date":"17 Luglio 2014","format":false,"excerpt":"Il Parco Nazionale Mal\u00e1 Fatra (N\u00e1rodn\u00fd park Mal\u00e1 Fatra) si trova nella parte settentrionale dei monti Mal\u00e1 Fatra chiamati Kriv\u00e1nska Mal\u00e1 Fatra, occupando un'area a cavallo dei Bassi e Alti Tatra, con altitudini fino ai 1709 metri slm del Ve\u013ek\u00fd Kriv\u00e1\u0148. Ha una superficie di 226,3 km2 e una zona\u2026","rel":"","context":"In \"Castello di Strecno\"","img":{"alt_text":"","src":"https:\/\/i0.wp.com\/www.turismoslovacchia.it\/wp-content\/uploads\/malafatra-parc1_derbeth-cc-by.jpg?resize=350%2C200","width":350,"height":200},"classes":[]},{"id":4181,"url":"https:\/\/www.turismoslovacchia.it\/?page_id=4181","url_meta":{"origin":4126,"position":5},"title":"Parco Nazionale di Pieniny","date":"17 Agosto 2014","format":false,"excerpt":"Il Parco Nazionale di Pieniny (Pieninsk\u00fd n\u00e1rodn\u00fd park, abbr. PIENAP) \u00e8 un parco nazionale nel nord della Slovacchia, che si trova nella parte orientale dei Monti Pieniny, a loro volta porzione dei Monti Beschidi, al confine con la Polonia. \u00c8 il pi\u00f9 piccolo parco nazionale in Slovacchia, che si estende\u2026","rel":"","context":"In \"Cerven\u00fd Kl\u00e1stor\"","img":{"alt_text":"","src":"https:\/\/i0.wp.com\/www.turismoslovacchia.it\/wp-content\/uploads\/Dunajec-Pieniny-Jerzy-Opiola@Wiki.jpg?resize=350%2C200&ssl=1","width":350,"height":200},"classes":[]}],"jetpack_shortlink":"https:\/\/wp.me\/P1oiY9-14y","_links":{"self":[{"href":"https:\/\/www.turismoslovacchia.it\/index.php?rest_route=\/wp\/v2\/pages\/4126"}],"collection":[{"href":"https:\/\/www.turismoslovacchia.it\/index.php?rest_route=\/wp\/v2\/pages"}],"about":[{"href":"https:\/\/www.turismoslovacchia.it\/index.php?rest_route=\/wp\/v2\/types\/page"}],"author":[{"embeddable":true,"href":"https:\/\/www.turismoslovacchia.it\/index.php?rest_route=\/wp\/v2\/users\/2"}],"replies":[{"embeddable":true,"href":"https:\/\/www.turismoslovacchia.it\/index.php?rest_route=%2Fwp%2Fv2%2Fcomments&post=4126"}],"version-history":[{"count":3,"href":"https:\/\/www.turismoslovacchia.it\/index.php?rest_route=\/wp\/v2\/pages\/4126\/revisions"}],"predecessor-version":[{"id":9798,"href":"https:\/\/www.turismoslovacchia.it\/index.php?rest_route=\/wp\/v2\/pages\/4126\/revisions\/9798"}],"up":[{"embeddable":true,"href":"https:\/\/www.turismoslovacchia.it\/index.php?rest_route=\/wp\/v2\/pages\/4156"}],"wp:featuredmedia":[{"embeddable":true,"href":"https:\/\/www.turismoslovacchia.it\/index.php?rest_route=\/wp\/v2\/media\/4385"}],"wp:attachment":[{"href":"https:\/\/www.turismoslovacchia.it\/index.php?rest_route=%2Fwp%2Fv2%2Fmedia&parent=4126"}],"curies":[{"name":"wp","href":"https:\/\/api.w.org\/{rel}","templated":true}]}}