{"id":39,"date":"2010-10-09T15:40:22","date_gmt":"2010-10-09T15:40:22","guid":{"rendered":"http:\/\/www.turismoslovacchia.it\/?page_id=39"},"modified":"2014-02-02T22:42:55","modified_gmt":"2014-02-02T21:42:55","slug":"paesaggio-e-clima","status":"publish","type":"page","link":"https:\/\/www.turismoslovacchia.it\/?page_id=39","title":{"rendered":"Paesaggio e Clima"},"content":{"rendered":"<p style=\"text-align: justify;\"><strong>Paesaggio<a href=\"http:\/\/www.turismoslovacchia.it\/?attachment_id=3203\" rel=\"attachment wp-att-3203\"><img decoding=\"async\" loading=\"lazy\" class=\" wp-image-3203 alignright\" title=\"Strbske-Pleso_(Petr-Vilgus@Wikimedia)\" src=\"http:\/\/www.turismoslovacchia.it\/wp-content\/uploads\/Strbske-Pleso_Petr-Vilgus@Wikimedia.jpg\" alt=\"\" width=\"312\" height=\"176\" srcset=\"https:\/\/www.turismoslovacchia.it\/wp-content\/uploads\/Strbske-Pleso_Petr-Vilgus@Wikimedia.jpg 520w, https:\/\/www.turismoslovacchia.it\/wp-content\/uploads\/Strbske-Pleso_Petr-Vilgus@Wikimedia-300x169.jpg 300w, https:\/\/www.turismoslovacchia.it\/wp-content\/uploads\/Strbske-Pleso_Petr-Vilgus@Wikimedia-400x225.jpg 400w, https:\/\/www.turismoslovacchia.it\/wp-content\/uploads\/Strbske-Pleso_Petr-Vilgus@Wikimedia-100x56.jpg 100w, https:\/\/www.turismoslovacchia.it\/wp-content\/uploads\/Strbske-Pleso_Petr-Vilgus@Wikimedia-200x113.jpg 200w, https:\/\/www.turismoslovacchia.it\/wp-content\/uploads\/Strbske-Pleso_Petr-Vilgus@Wikimedia-150x85.jpg 150w\" sizes=\"(max-width: 312px) 100vw, 312px\" \/><\/a><br \/>\n<\/strong><\/p>\n<p style=\"text-align: justify;\">Il paesaggio slovacco \u00e8 principalmente montuoso, con i Carpazi che si estendono in quasi tutta la parte settentrionale della nazione. Tre queste catene montuose, i picchi pi\u00f9 alti appartengono ai Monti Tatra. Nel nord, vicino al confine polacco, vi sono gli Alti Tatra, che costituiscono una popolare meta sciistica e presentano molti laghi e valli scenografiche, come anche il punto pi\u00f9 elevato della nazione, il Gerlachovsk\u00fd \u0161t\u00edt, situato a 2.655 metri s.l.m., e il monte simbolo della Slovacchia, il Kriv\u00e1\u0148.<br \/>\nI principali fiumi slovacchi sono il Danubio, il V\u00e1h e il Hron. Il punto pi\u00f9 basso della Slovacchia \u00e8 il letto del fiume Bodrog con 94 metri s.l.m.<\/p>\n<p style=\"text-align: justify;\"><strong>Clima<\/strong><\/p>\n<p style=\"text-align: justify;\">Il clima slovacco sorge tra le zone temperate e continentali, con estati relativamente tiepide e inverni freddi, nuvolosi e umidi. L&#8217;area della Slovacchia pu\u00f2 essere suddivisa in tre regioni a seconda del tipo di clima; la prima di esse pu\u00f2 essere ulteriormente suddivisa in due sotto-gruppi.<\/p>\n<p style=\"text-align: justify;\"><span style=\"text-decoration: underline;\">Clima delle pianure<\/span><br \/>\nQuesto tipo di clima si verifica a Z\u00e1horsk\u00e1 n\u00ed\u017eina e Podunajsk\u00e1 n\u00ed\u017eina ed \u00e8 il clima tipico della capitale Bratislava. La temperatura media annuale \u00e8 di circa 9-10\u00b0C. La temperatura media del mese pi\u00f9 caldo \u00e8 di circa 20\u00b0C e quella del mese pi\u00f9 freddo \u00e8 maggiore di -3\u00b0C.<\/p>\n<p style=\"text-align: justify;\"><span style=\"text-decoration: underline;\">Dominanza di influssi continentali<\/span><br \/>\nClima delle aree Ko\u0161ick\u00e1 kotlina e V\u00fdchodoslovensk\u00e1 n\u00ed\u017eina, tipico della citt\u00e0 di Ko\u0161ice. La temperatura media annuale \u00e8 di circa 8-9\u00b0C; la temperatura media del mese pi\u00f9 caldo \u00e8 di circa 19\u00b0C, mentre quella del mese pi\u00f9 freddo \u00e8 di meno di -3\u00b0C.<\/p>\n<p style=\"text-align: justify;\"><span style=\"text-decoration: underline;\">Clima dei bacini<br \/>\n<\/span><br \/>\nClima di quasi tutti i bacini della Slovacchia, ad esempio Podtatransk\u00e1 kotlina, \u017dilinsk\u00e1 kotlina, Tur\u010dianska kotlina, Zvolensk\u00e1 kotlina. \u00c8 il clima tipico delle citt\u00e0 di Poprad e Slia\u010d. La temperatura media annuale \u00e8 compresa tra 5\u00b0C e 8,5\u00b0C. La temperatura media del mese pi\u00f9 caldo \u00e8 tra 15\u00b0C e 18,5\u00b0C, mentre quella del mese pi\u00f9 freddo \u00e8 tra -3\u00b0C e -6\u00b0C.<\/p>\n<p style=\"text-align: justify;\"><span style=\"text-decoration: underline;\">Clima montano<\/span><img decoding=\"async\" loading=\"lazy\" class=\" wp-image-1724 alignright\" title=\"Alti Tatra, Osservatorio Skalnate pleso, Slovacchia\" src=\"http:\/\/www.turismoslovacchia.it\/wp-content\/uploads\/Alti-Tatra-Osservatorio-Skalnate-pleso-Slovacchia.jpg\" alt=\"\" width=\"312\" height=\"192\" srcset=\"https:\/\/www.turismoslovacchia.it\/wp-content\/uploads\/Alti-Tatra-Osservatorio-Skalnate-pleso-Slovacchia.jpg 520w, https:\/\/www.turismoslovacchia.it\/wp-content\/uploads\/Alti-Tatra-Osservatorio-Skalnate-pleso-Slovacchia-300x185.jpg 300w, https:\/\/www.turismoslovacchia.it\/wp-content\/uploads\/Alti-Tatra-Osservatorio-Skalnate-pleso-Slovacchia-400x246.jpg 400w, https:\/\/www.turismoslovacchia.it\/wp-content\/uploads\/Alti-Tatra-Osservatorio-Skalnate-pleso-Slovacchia-100x62.jpg 100w, https:\/\/www.turismoslovacchia.it\/wp-content\/uploads\/Alti-Tatra-Osservatorio-Skalnate-pleso-Slovacchia-200x123.jpg 200w, https:\/\/www.turismoslovacchia.it\/wp-content\/uploads\/Alti-Tatra-Osservatorio-Skalnate-pleso-Slovacchia-150x92.jpg 150w\" sizes=\"(max-width: 312px) 100vw, 312px\" \/> Sulle montagne e in alcuni villaggi delle valli di Orava e Spi\u0161. La temperatura media annuale \u00e8 minore di 5\u00b0C; quella media del mese pi\u00f9 caldo \u00e8 minore di 15\u00b0C, mentre quella del mese pi\u00f9 freddo \u00e8 minore di -5\u00b0C.<\/p>\n<p style=\"text-align: justify;\">La zona pi\u00f9 secca della Slovacchia \u00e8 la pianura Podunajsk\u00e1 n\u00ed\u017eina con un totale precipitazioni annue di 500-600 mm. I monti Tatra, e le loro valli, in particolare, sono invece le parti pi\u00f9 piovose del paese, con precipitazioni di pi\u00f9 di 2.000 mm l&#8217;anno, anche se per lo pi\u00f9 sotto forma di neve. Le nevicate non sono insolite in estate sui Tatra e il manto nevoso alle maggiori altitudini copre il terreno da novembre a maggio. I mesi pi\u00f9 piovosi sono giugno e luglio, i mesi pi\u00f9 secchi sono quelli dell&#8217;autunno.<\/p>\n<p style=\"text-align: right;\"><span style=\"color: #888888;\"><em>photo credits: flickr-CC<\/em><\/span><\/p>\n<p>&nbsp;<\/p>\n","protected":false},"excerpt":{"rendered":"<p>Paesaggio Il paesaggio slovacco \u00e8 principalmente montuoso, con i Carpazi che si estendono in quasi tutta la parte settentrionale della nazione. Tre queste catene montuose, i picchi pi\u00f9 alti appartengono ai Monti Tatra. Nel nord, vicino al confine polacco, vi sono gli Alti Tatra, che costituiscono una popolare meta sciistica e presentano molti laghi e [&hellip;]<\/p>\n","protected":false},"author":2,"featured_media":3203,"parent":22,"menu_order":0,"comment_status":"open","ping_status":"open","template":"","meta":[],"aioseo_notices":[],"jetpack_sharing_enabled":true,"jetpack-related-posts":[{"id":5239,"url":"https:\/\/www.turismoslovacchia.it\/?page_id=5239","url_meta":{"origin":39,"position":0},"title":"Parco Nazionale dei Tatra","date":"17 Agosto 2015","format":false,"excerpt":"Il Parco Nazionale dei Tatra (Tatransk\u00fd n\u00e1rodn\u00fd park \/ TANAP), creato nel 1949 come primo parco nazionale del Paese, \u00e8 situato nella Slovacchia centro-settentrionale, nella catena dei monti Tatra, nell\u2019area che include i Tatra Occidentali (Z\u00e1padn\u00e9 Tatry) e i Tatra Orientali (V\u00fdchodn\u00e9 Tatry); di quest\u2019ultima formazione fanno parte anche gli\u2026","rel":"","context":"In \"Alti Tatra\"","img":{"alt_text":"","src":"https:\/\/i0.wp.com\/www.turismoslovacchia.it\/wp-content\/uploads\/altitatra_Dixie-CC-BY-SA.jpg?resize=350%2C200&ssl=1","width":350,"height":200},"classes":[]},{"id":3821,"url":"https:\/\/www.turismoslovacchia.it\/?page_id=3821","url_meta":{"origin":39,"position":1},"title":"Le regioni turistiche: i Tatra e lo Spi\u0161 settentrionale (Tatransky a Severn\u00fd Spi\u0161)","date":"22 Aprile 2014","format":false,"excerpt":"La regione turistica dei Tatra \u00e8 parte della Regione autonoma di Pre\u0161ov (Pre\u0161ovsk\u00fd kraj) e comprende i distretti di Poprad, Ke\u017emarok e Star\u00e1 \u013dubov\u0148a. Gli Alti Tatra visti dalla Slovacchia (Anna Regelsberger@Wikimedia) Il Tatransk\u00fd \u00e8 situato nel nord della Slovacchia ed \u00e8 la zona turistica pi\u00f9 attraente della Slovacchia. Si\u2026","rel":"","context":"In \"Alti Tatra\"","img":{"alt_text":"","src":"https:\/\/i0.wp.com\/www.turismoslovacchia.it\/wp-content\/uploads\/alti-tatra_wikimedia.jpg?resize=350%2C200&ssl=1","width":350,"height":200},"classes":[]},{"id":1943,"url":"https:\/\/www.turismoslovacchia.it\/?page_id=1943","url_meta":{"origin":39,"position":2},"title":"Itinerario: una settimana in Slovacchia","date":"12 Luglio 2013","format":false,"excerpt":"La Slovacchia in 7 giorni La Slovacchia \u00e8 relativamente piccola, con strade in buone condizioni e una discreta rete di treni e autobus. L'itinerario presentato qui di seguito \u00e8 adatto a chi vuole passare sette giorni nel Paese, visitando la capitale e le principali destinazioni di interesse turistico. Il tragitto\u2026","rel":"","context":"In \"Alti Tatra\"","img":{"alt_text":"","src":"https:\/\/i0.wp.com\/www.turismoslovacchia.it\/wp-content\/uploads\/castello-Trencin-foto_slovakia.travel.jpg?resize=350%2C200&ssl=1","width":350,"height":200},"classes":[]},{"id":22,"url":"https:\/\/www.turismoslovacchia.it\/?page_id=22","url_meta":{"origin":39,"position":3},"title":"La Slovacchia","date":"9 Ottobre 2010","format":false,"excerpt":"La Slovacchia \u00e8 un paese indipendente dal 1993, dopo la divisione della ex Cecoslovacchia. La sua adesione all'Unione Europea nel 2004 ha visto il culmine di cambiamenti democratici nel paese e ha assicurato la sua posizione tra le fila degli Stati europei democratici. La Slovacchia \u00e8 un paese piccolo e\u2026","rel":"","context":"Articolo simile","img":{"alt_text":"","src":"https:\/\/i0.wp.com\/www.turismoslovacchia.it\/wp-content\/uploads\/Liptov_Martin-Stojka@flickr_redcrop.jpg?resize=350%2C200","width":350,"height":200},"classes":[]},{"id":4114,"url":"https:\/\/www.turismoslovacchia.it\/?page_id=4114","url_meta":{"origin":39,"position":4},"title":"Parco Nazionale Ve\u013ek\u00e1 Fatra","date":"16 Agosto 2014","format":false,"excerpt":"Il Parco Nazionale Ve\u013ek\u00e1 Fatra (N\u00e1rodn\u00fd park Ve\u013ek\u00e1 Fatra) si trova nella parte meridionale della Regione di \u017dilina (in particolare nelle regioni tradizionali Turiec e Liptov) e solo in piccola parte nella zona settentrionale della Regione di Bansk\u00e1 Bystrica. Il parco e la sua zona di protezione comprendono la maggior\u2026","rel":"","context":"In \"fauna\"","img":{"alt_text":"","src":"https:\/\/i0.wp.com\/www.turismoslovacchia.it\/wp-content\/uploads\/velka_fatra_cruster-flickr-2738687973.jpg?resize=350%2C200&ssl=1","width":350,"height":200},"classes":[]},{"id":4145,"url":"https:\/\/www.turismoslovacchia.it\/?page_id=4145","url_meta":{"origin":39,"position":5},"title":"Parco Nazionale Bassi Tatra (N\u00edzke Tatry)","date":"16 Agosto 2014","format":false,"excerpt":"Il Parco Nazionale dei Bassi Tatra (N\u00e1rodn\u00fd park N\u00edzke Tatry, abbrev. NAPANT) \u00e8 un parco nazionale della Slovacchia centrale, tra le valli dei fiumi Vah e Hron. Il Parco Nazionale, che si estende su una superficie di 728 km2, e la sua zona cuscinetto di 1.102 km2, coprono l'intera catena\u2026","rel":"","context":"In \"Bassi Tatra\"","img":{"alt_text":"","src":"https:\/\/i0.wp.com\/www.turismoslovacchia.it\/wp-content\/uploads\/Chopok-BassiTatra_andrejbaran-3441600101.jpg?resize=350%2C200&ssl=1","width":350,"height":200},"classes":[]}],"jetpack_shortlink":"https:\/\/wp.me\/P1oiY9-D","_links":{"self":[{"href":"https:\/\/www.turismoslovacchia.it\/index.php?rest_route=\/wp\/v2\/pages\/39"}],"collection":[{"href":"https:\/\/www.turismoslovacchia.it\/index.php?rest_route=\/wp\/v2\/pages"}],"about":[{"href":"https:\/\/www.turismoslovacchia.it\/index.php?rest_route=\/wp\/v2\/types\/page"}],"author":[{"embeddable":true,"href":"https:\/\/www.turismoslovacchia.it\/index.php?rest_route=\/wp\/v2\/users\/2"}],"replies":[{"embeddable":true,"href":"https:\/\/www.turismoslovacchia.it\/index.php?rest_route=%2Fwp%2Fv2%2Fcomments&post=39"}],"version-history":[{"count":0,"href":"https:\/\/www.turismoslovacchia.it\/index.php?rest_route=\/wp\/v2\/pages\/39\/revisions"}],"up":[{"embeddable":true,"href":"https:\/\/www.turismoslovacchia.it\/index.php?rest_route=\/wp\/v2\/pages\/22"}],"wp:featuredmedia":[{"embeddable":true,"href":"https:\/\/www.turismoslovacchia.it\/index.php?rest_route=\/wp\/v2\/media\/3203"}],"wp:attachment":[{"href":"https:\/\/www.turismoslovacchia.it\/index.php?rest_route=%2Fwp%2Fv2%2Fmedia&parent=39"}],"curies":[{"name":"wp","href":"https:\/\/api.w.org\/{rel}","templated":true}]}}