{"id":3169,"date":"2014-02-02T21:07:31","date_gmt":"2014-02-02T20:07:31","guid":{"rendered":"http:\/\/www.turismoslovacchia.it\/?page_id=3169"},"modified":"2016-12-29T00:39:42","modified_gmt":"2016-12-28T23:39:42","slug":"le-regioni-turistiche-pohronie-pohronsky","status":"publish","type":"page","link":"https:\/\/www.turismoslovacchia.it\/?page_id=3169","title":{"rendered":"Le regioni turistiche: Pohronie (Pohronsk\u00fd)"},"content":{"rendered":"<p style=\"text-align: justify;\"><em>La regione turistica Pohronie \u00e8 parte della Regione autonoma di Bansk\u00e1 Bystrica (Banskobystrick\u00fd kraj) e comprende i distretti di Zvolen, \u017diar nad Hronom, \u017darnovica, Bansk\u00e1 \u0160tiavnica e Detva.<\/em><\/p>\n<p style=\"text-align: justify;\"><a href=\"http:\/\/www.turismoslovacchia.it\/?attachment_id=3170\" rel=\"attachment wp-att-3170\"><img decoding=\"async\" loading=\"lazy\" class=\"alignnone size-full wp-image-3170\" title=\"Banska-Bystrica_(michaelcamilleri_7997390927@flickr)\" src=\"http:\/\/www.turismoslovacchia.it\/wp-content\/uploads\/Banska-Bystrica_michaelcamilleri_7997390927@flickr.jpg\" alt=\"\" width=\"520\" height=\"320\" srcset=\"https:\/\/www.turismoslovacchia.it\/wp-content\/uploads\/Banska-Bystrica_michaelcamilleri_7997390927@flickr.jpg 520w, https:\/\/www.turismoslovacchia.it\/wp-content\/uploads\/Banska-Bystrica_michaelcamilleri_7997390927@flickr-300x185.jpg 300w, https:\/\/www.turismoslovacchia.it\/wp-content\/uploads\/Banska-Bystrica_michaelcamilleri_7997390927@flickr-400x246.jpg 400w, https:\/\/www.turismoslovacchia.it\/wp-content\/uploads\/Banska-Bystrica_michaelcamilleri_7997390927@flickr-100x62.jpg 100w, https:\/\/www.turismoslovacchia.it\/wp-content\/uploads\/Banska-Bystrica_michaelcamilleri_7997390927@flickr-200x123.jpg 200w, https:\/\/www.turismoslovacchia.it\/wp-content\/uploads\/Banska-Bystrica_michaelcamilleri_7997390927@flickr-150x92.jpg 150w\" sizes=\"(max-width: 520px) 100vw, 520px\" \/><\/a><\/p>\n<p style=\"text-align: justify;\"><span style=\"color: #888888;\"><em>Bansk\u00e1 Bystrica (Michael Camilleri@flickr)<\/em><\/span><\/p>\n<p style=\"text-align: justify;\"><a href=\"http:\/\/www.turismoslovacchia.it\/?attachment_id=3172\" rel=\"attachment wp-att-3172\"><img decoding=\"async\" loading=\"lazy\" class=\"alignnone size-full wp-image-3172\" title=\"Banska-Bystrica_holandia_9788067121@flickr)\" src=\"http:\/\/www.turismoslovacchia.it\/wp-content\/uploads\/Banska-Bystrica_holandia_9788067121@flickr.jpg\" alt=\"\" width=\"520\" height=\"320\" srcset=\"https:\/\/www.turismoslovacchia.it\/wp-content\/uploads\/Banska-Bystrica_holandia_9788067121@flickr.jpg 520w, https:\/\/www.turismoslovacchia.it\/wp-content\/uploads\/Banska-Bystrica_holandia_9788067121@flickr-300x185.jpg 300w, https:\/\/www.turismoslovacchia.it\/wp-content\/uploads\/Banska-Bystrica_holandia_9788067121@flickr-400x246.jpg 400w, https:\/\/www.turismoslovacchia.it\/wp-content\/uploads\/Banska-Bystrica_holandia_9788067121@flickr-100x62.jpg 100w, https:\/\/www.turismoslovacchia.it\/wp-content\/uploads\/Banska-Bystrica_holandia_9788067121@flickr-200x123.jpg 200w, https:\/\/www.turismoslovacchia.it\/wp-content\/uploads\/Banska-Bystrica_holandia_9788067121@flickr-150x92.jpg 150w\" sizes=\"(max-width: 520px) 100vw, 520px\" \/><\/a><\/p>\n<p style=\"text-align: justify;\"><span style=\"color: #888888;\"><em>B<\/em><em>ansk\u00e1 Bystrica (Andre Skibinski@flickr)<\/em><\/span><\/p>\n<p style=\"text-align: justify;\">L&#8217;asse della parte centrale di Pohronie \u00e8 il fiume Hron, come suggerisce il nome (che significa \u2018la terra lungo il Hron\u2019). Il paesaggio circostante ha visto eruzioni vulcaniche di grande entit\u00e0 nel Terziario. Lo stratovulcano di \u0160tiavnica, con diametro alla base pari a pi\u00f9 di 50 chilometri, \u00e8 stato uno dei pi\u00f9 grandi d&#8217;Europa.<\/p>\n<p style=\"text-align: justify;\">Il patrimonio vulcanico ha lasciando una ricca eredit\u00e0 agli abitanti di Pohronie, e le sue montagne contengono importanti ricchezze minerarie in depositi di ferro, oro, argento e rame. Una delle pi\u00f9 importanti regioni minerarie in Europa, sviluppatasi qui nel Medioevo, ha avuto la sua capitale nella famosa citt\u00e0 di <a href=\"http:\/\/www.turismoslovacchia.it\/?s=Bansk%C3%A1%20%C5%A0tiavnica\">Bansk\u00e1 \u0160tiavnica<\/a> (oggi iscritta nella lista <a href=\"http:\/\/www.turismoslovacchia.it\/?s=UNESCO\">UNESCO<\/a> del patrimonio mondiale naturale e culturale), affiancata dalla vicina <a href=\"http:\/\/www.turismoslovacchia.it\/?s=Kremnica\">Kremnica<\/a>, costruita su un giacimento di oro purissimo, dove fu creata una zecca che lavora ininterrottamente da quasi 680 anni, meritandosi l\u2019appellativo di zecca pi\u00f9 antica del mondo ancora in funzione.<\/p>\n<p style=\"text-align: justify;\"><a href=\"http:\/\/www.turismoslovacchia.it\/?attachment_id=3173\" rel=\"attachment wp-att-3173\"><img decoding=\"async\" loading=\"lazy\" class=\"alignnone size-full wp-image-3173\" title=\"Castello-Zvolen_(Wikimedia)\" src=\"http:\/\/www.turismoslovacchia.it\/wp-content\/uploads\/Castello-Zvolen_Wikimedia.jpg\" alt=\"\" width=\"520\" height=\"320\" srcset=\"https:\/\/www.turismoslovacchia.it\/wp-content\/uploads\/Castello-Zvolen_Wikimedia.jpg 520w, https:\/\/www.turismoslovacchia.it\/wp-content\/uploads\/Castello-Zvolen_Wikimedia-300x185.jpg 300w, https:\/\/www.turismoslovacchia.it\/wp-content\/uploads\/Castello-Zvolen_Wikimedia-400x246.jpg 400w, https:\/\/www.turismoslovacchia.it\/wp-content\/uploads\/Castello-Zvolen_Wikimedia-100x62.jpg 100w, https:\/\/www.turismoslovacchia.it\/wp-content\/uploads\/Castello-Zvolen_Wikimedia-200x123.jpg 200w, https:\/\/www.turismoslovacchia.it\/wp-content\/uploads\/Castello-Zvolen_Wikimedia-150x92.jpg 150w\" sizes=\"(max-width: 520px) 100vw, 520px\" \/><\/a><\/p>\n<p style=\"text-align: justify;\"><span style=\"color: #888888;\"><em>Castello di Zvolen (Martin Hlauka@Wikimedia Commons)<\/em><\/span><\/p>\n<p style=\"text-align: justify;\"><a href=\"http:\/\/www.turismoslovacchia.it\/?attachment_id=3174\" rel=\"attachment wp-att-3174\"><img decoding=\"async\" loading=\"lazy\" class=\"alignnone size-full wp-image-3174\" title=\"Banska-Stiavnica_(banska-stiavnica_6792482066@flickr)\" src=\"http:\/\/www.turismoslovacchia.it\/wp-content\/uploads\/Banska-Stiavnica_banska-stiavnica_6792482066@flickr.jpg\" alt=\"\" width=\"520\" height=\"320\" srcset=\"https:\/\/www.turismoslovacchia.it\/wp-content\/uploads\/Banska-Stiavnica_banska-stiavnica_6792482066@flickr.jpg 520w, https:\/\/www.turismoslovacchia.it\/wp-content\/uploads\/Banska-Stiavnica_banska-stiavnica_6792482066@flickr-300x185.jpg 300w, https:\/\/www.turismoslovacchia.it\/wp-content\/uploads\/Banska-Stiavnica_banska-stiavnica_6792482066@flickr-400x246.jpg 400w, https:\/\/www.turismoslovacchia.it\/wp-content\/uploads\/Banska-Stiavnica_banska-stiavnica_6792482066@flickr-100x62.jpg 100w, https:\/\/www.turismoslovacchia.it\/wp-content\/uploads\/Banska-Stiavnica_banska-stiavnica_6792482066@flickr-200x123.jpg 200w, https:\/\/www.turismoslovacchia.it\/wp-content\/uploads\/Banska-Stiavnica_banska-stiavnica_6792482066@flickr-150x92.jpg 150w\" sizes=\"(max-width: 520px) 100vw, 520px\" \/><\/a><\/p>\n<p style=\"text-align: justify;\"><span style=\"color: #888888;\"><em>Bansk\u00e1 \u0160tiavnica (banska-stiavnica@flickr)<\/em><\/span><\/p>\n<p style=\"text-align: justify;\"><a href=\"http:\/\/www.turismoslovacchia.it\/?attachment_id=3175\" rel=\"attachment wp-att-3175\"><img decoding=\"async\" loading=\"lazy\" class=\"alignnone size-full wp-image-3175\" title=\"Banska-Stiavnica_calvario_(ear4_3048030351@flickr)\" src=\"http:\/\/www.turismoslovacchia.it\/wp-content\/uploads\/Banska-Stiavnica_calvario_ear4_3048030351@flickr.jpg\" alt=\"\" width=\"520\" height=\"320\" srcset=\"https:\/\/www.turismoslovacchia.it\/wp-content\/uploads\/Banska-Stiavnica_calvario_ear4_3048030351@flickr.jpg 520w, https:\/\/www.turismoslovacchia.it\/wp-content\/uploads\/Banska-Stiavnica_calvario_ear4_3048030351@flickr-300x185.jpg 300w, https:\/\/www.turismoslovacchia.it\/wp-content\/uploads\/Banska-Stiavnica_calvario_ear4_3048030351@flickr-400x246.jpg 400w, https:\/\/www.turismoslovacchia.it\/wp-content\/uploads\/Banska-Stiavnica_calvario_ear4_3048030351@flickr-100x62.jpg 100w, https:\/\/www.turismoslovacchia.it\/wp-content\/uploads\/Banska-Stiavnica_calvario_ear4_3048030351@flickr-200x123.jpg 200w, https:\/\/www.turismoslovacchia.it\/wp-content\/uploads\/Banska-Stiavnica_calvario_ear4_3048030351@flickr-150x92.jpg 150w\" sizes=\"(max-width: 520px) 100vw, 520px\" \/><\/a><\/p>\n<p style=\"text-align: justify;\"><span style=\"color: #888888;\"><em>Bansk\u00e1 \u0160tiavnica (ear4@flickr)<\/em><\/span><\/p>\n<p style=\"text-align: justify;\"><a href=\"http:\/\/www.turismoslovacchia.it\/?attachment_id=3176\" rel=\"attachment wp-att-3176\"><img decoding=\"async\" loading=\"lazy\" class=\"alignnone size-full wp-image-3176\" title=\"Kremnica_(matko_deo_396395830@flickr)\" src=\"http:\/\/www.turismoslovacchia.it\/wp-content\/uploads\/Kremnica_matko_deo_396395830@flickr.jpg\" alt=\"\" width=\"520\" height=\"320\" srcset=\"https:\/\/www.turismoslovacchia.it\/wp-content\/uploads\/Kremnica_matko_deo_396395830@flickr.jpg 520w, https:\/\/www.turismoslovacchia.it\/wp-content\/uploads\/Kremnica_matko_deo_396395830@flickr-300x185.jpg 300w, https:\/\/www.turismoslovacchia.it\/wp-content\/uploads\/Kremnica_matko_deo_396395830@flickr-400x246.jpg 400w, https:\/\/www.turismoslovacchia.it\/wp-content\/uploads\/Kremnica_matko_deo_396395830@flickr-100x62.jpg 100w, https:\/\/www.turismoslovacchia.it\/wp-content\/uploads\/Kremnica_matko_deo_396395830@flickr-200x123.jpg 200w, https:\/\/www.turismoslovacchia.it\/wp-content\/uploads\/Kremnica_matko_deo_396395830@flickr-150x92.jpg 150w\" sizes=\"(max-width: 520px) 100vw, 520px\" \/><\/a><\/p>\n<p style=\"text-align: justify;\"><span style=\"color: #888888;\"><em>Kremnica (Martin Deak@flickr)<\/em><\/span><\/p>\n<p style=\"text-align: justify;\"><a href=\"http:\/\/www.turismoslovacchia.it\/?attachment_id=3177\" rel=\"attachment wp-att-3177\"><img decoding=\"async\" loading=\"lazy\" class=\"alignnone size-full wp-image-3177\" title=\"Detva-festival_(drakh_1221429851@flickr)\" src=\"http:\/\/www.turismoslovacchia.it\/wp-content\/uploads\/Detva-festival_drakh_1221429851@flickr.jpg\" alt=\"\" width=\"550\" height=\"320\" srcset=\"https:\/\/www.turismoslovacchia.it\/wp-content\/uploads\/Detva-festival_drakh_1221429851@flickr.jpg 550w, https:\/\/www.turismoslovacchia.it\/wp-content\/uploads\/Detva-festival_drakh_1221429851@flickr-300x175.jpg 300w, https:\/\/www.turismoslovacchia.it\/wp-content\/uploads\/Detva-festival_drakh_1221429851@flickr-400x233.jpg 400w, https:\/\/www.turismoslovacchia.it\/wp-content\/uploads\/Detva-festival_drakh_1221429851@flickr-100x58.jpg 100w, https:\/\/www.turismoslovacchia.it\/wp-content\/uploads\/Detva-festival_drakh_1221429851@flickr-200x116.jpg 200w, https:\/\/www.turismoslovacchia.it\/wp-content\/uploads\/Detva-festival_drakh_1221429851@flickr-150x87.jpg 150w\" sizes=\"(max-width: 550px) 100vw, 550px\" \/><\/a><\/p>\n<p style=\"text-align: justify;\"><span style=\"color: #888888;\"><em>Il festival folkloristico di Detva (Lubomir Panak@flickr)<\/em><\/span><\/p>\n<p style=\"text-align: justify;\">La zona vanta anche ruderi di castelli romantici come Revi\u0161te, \u0160\u00e1\u0161ov e Dobr\u00e1 Niva, il monastero di Hronsk\u00fd Be\u0148adik e una grande quantit\u00e0 di strutture e monumenti tecnici unici. Tutto questo \u00e8 immerso in uno splendido paesaggio con le condizioni ideali per escursioni a piedi, in bicicletta o sugli sci.<\/p>\n<p style=\"text-align: justify;\">Diversi centri termali in zona (Slia\u010d, Kov\u00e1\u010dov\u00e1, Sklen\u00e9 Teplice) offrono relax e diversi trattamenti terapici per chi ha problemi, ad esempio, ortopedici e di riabilitazione.<\/p>\n<p style=\"text-align: justify;\">Per quanto riguarda le tradizioni popolari, merita una visita la zona di Podpo\u013eanie con il suo centro principale a Detva, sede di un famoso festival folkloristico annuale.<\/p>\n<p style=\"text-align: justify;\">Info:<\/p>\n<p style=\"text-align: justify;\"><strong><em><span style=\"text-decoration: underline;\">Bansk\u00e1 \u0160tiavnica Information Centre<\/span><\/em><\/strong><br \/>\nN\u00e1mestie sv. Trojice 6<br \/>\n969 01 Bansk\u00e1 \u0160tiavnica<br \/>\nTel: +421 (0) 45\/ 694 96 53<br \/>\nE-mail: ic@banskastiavnica.sk<br \/>\nWeb: <a href=\"http:\/\/www.banskastiavnica.sk\/\">www.banskastiavnica.sk<\/a><\/p>\n<p><a href=\"http:\/\/upload.wikimedia.org\/wikipedia\/commons\/thumb\/a\/a2\/Tourism_regions_of_Slovakia_en.png\/800px-Tourism_regions_of_Slovakia_en.png\" data-rel=\"lightbox-gallery-pqe9Zj9H\" data-rl_title=\"\" data-rl_caption=\"\" title=\"\"><img decoding=\"async\" loading=\"lazy\" src=\"http:\/\/upload.wikimedia.org\/wikipedia\/commons\/thumb\/a\/a2\/Tourism_regions_of_Slovakia_en.png\/800px-Tourism_regions_of_Slovakia_en.png\" alt=\"\" width=\"720\" height=\"385\" \/><\/a><\/p>\n<p><span style=\"color: #888888;\"><em>Mappa Wikipedia (cliccare per zoomare)<\/em><\/span><\/p>\n<p style=\"text-align: justify;\"><span style=\"color: #888888;\"><em>Foto: 1) Bansk\u00e1 Bystrica\u00a0(<a href=\"http:\/\/www.flickr.com\/photos\/29460966@N06\/\"><span style=\"color: #888888;\">Michael Camilleri@flickr<\/span><\/a>); 2) Bansk\u00e1 Bystrica (<a href=\"http:\/\/www.flickr.com\/photos\/holandia\/\"><span style=\"color: #888888;\">Andre Skibinski@flickr<\/span><\/a>); 3)\u00a0Castello di Zvolen (<a href=\"http:\/\/commons.wikimedia.org\/wiki\/File:Zvolen_hrad.jpg\" data-rel=\"lightbox-gallery-pqe9Zj9H\" data-rl_title=\"\" data-rl_caption=\"\" title=\"\"><span style=\"color: #888888;\">Martin Hlauka@Wikimedia Commons<\/span><\/a>); 4)\u00a0Bansk\u00e1 \u0160tiavnica (<a href=\"http:\/\/www.flickr.com\/photos\/banska-stiavnica\/\"><span style=\"color: #888888;\">banska-stiavnica@flickr<\/span><\/a>); 5)\u00a0Bansk\u00e1 \u0160tiavnica (<a href=\"http:\/\/www.flickr.com\/photos\/33798243@N00\/\"><span style=\"color: #888888;\">ear4@flickr<\/span><\/a>); 6)\u00a0Kremnica (<a href=\"http:\/\/www.flickr.com\/photos\/20931607@N00\/\"><span style=\"color: #888888;\">Martin Deak@flickr<\/span><\/a>); 7)\u00a0Il festival di Detva (<a href=\"http:\/\/www.flickr.com\/photos\/drakh\/\"><span style=\"color: #888888;\">Lubomir Panak@flickr<\/span><\/a>).<\/em><\/span><\/p>\n<p>&nbsp;<\/p>\n","protected":false},"excerpt":{"rendered":"<p>La regione turistica Pohronie \u00e8 parte della Regione autonoma di Bansk\u00e1 Bystrica (Banskobystrick\u00fd kraj) e comprende i distretti di Zvolen, \u017diar nad Hronom, \u017darnovica, Bansk\u00e1 \u0160tiavnica e Detva. Bansk\u00e1 Bystrica (Michael Camilleri@flickr) Bansk\u00e1 Bystrica (Andre Skibinski@flickr) L&#8217;asse della parte centrale di Pohronie \u00e8 il fiume Hron, come suggerisce il nome (che significa \u2018la terra lungo [&hellip;]<\/p>\n","protected":false},"author":2,"featured_media":3175,"parent":394,"menu_order":0,"comment_status":"open","ping_status":"closed","template":"","meta":[],"aioseo_notices":[],"jetpack_sharing_enabled":true,"jetpack-related-posts":[{"id":394,"url":"https:\/\/www.turismoslovacchia.it\/?page_id=394","url_meta":{"origin":3169,"position":0},"title":"Le regioni turistiche","date":"31 Ottobre 2010","format":false,"excerpt":"Le regioni turistiche della Slovacchia Le regioni turistiche sono aree geografiche pi\u00f9 o meno vaste che sono state designate come tali da un organismo governativo o dall'ufficio del turismo per avere caratteristiche ambientali o culturali comuni, e portano spesso il nome storico delle regioni geografiche o amministrative. Altre hanno nomi\u2026","rel":"","context":"Articolo simile","img":{"alt_text":"","src":"https:\/\/i0.wp.com\/www.turismoslovacchia.it\/wp-content\/uploads\/regioni-turis.png?resize=350%2C200&ssl=1","width":350,"height":200},"classes":[]},{"id":36,"url":"https:\/\/www.turismoslovacchia.it\/?page_id=36","url_meta":{"origin":3169,"position":1},"title":"Le regioni amministrative","date":"9 Ottobre 2010","format":false,"excerpt":"Le Regioni della Slovacchia Pur essendo un piccolo paese, la Slovacchia possiede un grande patrimonio di diversit\u00e0 regionali, sia culturali che geografiche. - Il terzo occidentale del paese comprende la capitale Bratislava e, fatta eccezione per alcune alture in direzione nord della citt\u00e0, \u00e8 relativamente piatto. E prende le pianure\u2026","rel":"","context":"In \"Regione di Bansk\u00e1 Bystrica\"","img":{"alt_text":"","src":"https:\/\/i0.wp.com\/www.turismoslovacchia.it\/wp-content\/uploads\/regioni_SK.jpg?resize=350%2C200&ssl=1","width":350,"height":200},"classes":[]},{"id":6942,"url":"https:\/\/www.turismoslovacchia.it\/?page_id=6942","url_meta":{"origin":3169,"position":2},"title":"Castello Nuovo di Bansk\u00e1 \u0160tiavnica","date":"26 Dicembre 2016","format":false,"excerpt":"\u00a0 La citt\u00e0 di Bansk\u00e1 \u0160tiavnica, in passato rigogliosa grazie ai ricchi giacimenti argentiferi sfruttati per secoli, \u00e8 iscritta nella lista del Patrimonio Mondiale dell\u2019Umanit\u00e0 UNESCO. Una delle curiosit\u00e0 della citt\u00e0 \u00e8 il fatto che vi si trovano due castelli contrapposti, il Castello Vecchio e il Castello Nuovo. \u00a0 Mentre\u2026","rel":"","context":"In \"Banska Stiavnica\"","img":{"alt_text":"","src":"https:\/\/i0.wp.com\/www.turismoslovacchia.it\/wp-content\/uploads\/banskastiavnica_cast-nuovo_Imre-Orban_cc-by-nc-sa.jpg?resize=350%2C200&ssl=1","width":350,"height":200},"classes":[]},{"id":6909,"url":"https:\/\/www.turismoslovacchia.it\/?page_id=6909","url_meta":{"origin":3169,"position":3},"title":"Castello Vecchio di Bansk\u00e1 \u0160tiavnica","date":"27 Dicembre 2016","format":false,"excerpt":"\u00a0 La citt\u00e0 di Bansk\u00e1 \u0160tiavnica, in passato rigogliosa grazie ai ricchi giacimenti argentiferi sfruttati per secoli, \u00e8 iscritta nella lista del Patrimonio Mondiale dell\u2019Umanit\u00e0 UNESCO. Una delle curiosit\u00e0 della citt\u00e0 \u00e8 il fatto che vi si trovano due castelli contrapposti, il Castello Vecchio e il Castello Nuovo. \u00a0 Star\u00fd\u2026","rel":"","context":"In \"Banska Stiavnica\"","img":{"alt_text":"","src":"https:\/\/i0.wp.com\/www.turismoslovacchia.it\/wp-content\/uploads\/banskastiavnica-cast-vecc_Peter-Kesselyak-nc-nd.jpg?resize=350%2C200&ssl=1","width":350,"height":200},"classes":[]},{"id":3680,"url":"https:\/\/www.turismoslovacchia.it\/?page_id=3680","url_meta":{"origin":3169,"position":4},"title":"Regione Bansk\u00e1 Bystrica (en)","date":"20 Aprile 2014","format":false,"excerpt":"Sfoglia e leggi qui sotto la brochure \u201cRegione Bansk\u00e1 Bystrica\u201d in inglese. Clicca sull'immagine per vederla a tutto schermo. Oppure scaricala qui in PDF\u00a0(2,61 Mb), salvala o stampala per leggerla con comodo.","rel":"","context":"In \"Banska Bystrica\"","img":{"alt_text":"","src":"","width":0,"height":0},"classes":[]},{"id":7707,"url":"https:\/\/www.turismoslovacchia.it\/?page_id=7707","url_meta":{"origin":3169,"position":5},"title":"Castello di Bansk\u00e1 Bystrica","date":"5 Febbraio 2017","format":false,"excerpt":"\u00a0 Il castello della citt\u00e0 un tempo era costituito da diversi edifici antichi nella metropoli della Slovacchia centrale di Bansk\u00e1 Bystrica. Il suo compito era quello di proteggere il reddito che proveniva dalle miniere e lavorazione di rame e d\u2019argento per il tesoro reale. \u00a0 La zona circostante il castello\u2026","rel":"","context":"In \"Banska Bystrica\"","img":{"alt_text":"","src":"https:\/\/i0.wp.com\/www.turismoslovacchia.it\/wp-content\/uploads\/nitra-cast1_v4idas-nc-nd.jpg?resize=350%2C200&ssl=1","width":350,"height":200},"classes":[]}],"jetpack_shortlink":"https:\/\/wp.me\/P1oiY9-P7","_links":{"self":[{"href":"https:\/\/www.turismoslovacchia.it\/index.php?rest_route=\/wp\/v2\/pages\/3169"}],"collection":[{"href":"https:\/\/www.turismoslovacchia.it\/index.php?rest_route=\/wp\/v2\/pages"}],"about":[{"href":"https:\/\/www.turismoslovacchia.it\/index.php?rest_route=\/wp\/v2\/types\/page"}],"author":[{"embeddable":true,"href":"https:\/\/www.turismoslovacchia.it\/index.php?rest_route=\/wp\/v2\/users\/2"}],"replies":[{"embeddable":true,"href":"https:\/\/www.turismoslovacchia.it\/index.php?rest_route=%2Fwp%2Fv2%2Fcomments&post=3169"}],"version-history":[{"count":0,"href":"https:\/\/www.turismoslovacchia.it\/index.php?rest_route=\/wp\/v2\/pages\/3169\/revisions"}],"up":[{"embeddable":true,"href":"https:\/\/www.turismoslovacchia.it\/index.php?rest_route=\/wp\/v2\/pages\/394"}],"wp:featuredmedia":[{"embeddable":true,"href":"https:\/\/www.turismoslovacchia.it\/index.php?rest_route=\/wp\/v2\/media\/3175"}],"wp:attachment":[{"href":"https:\/\/www.turismoslovacchia.it\/index.php?rest_route=%2Fwp%2Fv2%2Fmedia&parent=3169"}],"curies":[{"name":"wp","href":"https:\/\/api.w.org\/{rel}","templated":true}]}}